{"id":21,"date":"2026-04-14T00:42:49","date_gmt":"2026-04-13T22:42:49","guid":{"rendered":"http:\/\/bluelockfan.pl\/?page_id=21"},"modified":"2026-04-14T11:54:08","modified_gmt":"2026-04-14T09:54:08","slug":"strona-glowna","status":"publish","type":"page","link":"https:\/\/bluelockfan.pl\/","title":{"rendered":"Strona G\u0142\u00f3wna"},"content":{"rendered":"\n<h1>Blue Lock<\/h1>\n\n<div class=\"bluelock-counter\">\n    <div class=\"counter-title\">VISITORS<\/div>\n    <div class=\"counter-value\"><div class=\"post-views content-post post-21 entry-meta load-static\">\r\n\t\t\t\t<span class=\"post-views-icon dashicons dashicons-chart-bar\"><\/span> <span class=\"post-views-label\">Post Views:<\/span> <span class=\"post-views-count\">21<\/span>\r\n\t\t\t<\/div><\/div>\n<\/div>\n<p>Blue Lock to intensywna seria sportowa skupiaj\u0105ca si\u0119 na rywalizacji, ambicji i d\u0105\u017ceniu do zostania najlepszym napastnikiem na \u015bwiecie. Projekt Blue Lock ma na celu stworzenie najlepszego napastnika na \u015bwiecie \u2013 egoisty, kt\u00f3ry potrafi samodzielnie zdobywa\u0107 bramki i prowadzi\u0107 dru\u017cyn\u0119 do zwyci\u0119stwa.<\/p>\n\n<h2>Galeria<\/h2>\n\n<div id=\"envira-gallery-wrap-14\" class=\"envira-gallery-wrap envira-gallery-theme-base envira-lightbox-theme-base\" itemscope itemtype=\"https:\/\/schema.org\/ImageGallery\"><div data-row-height=\"150\" data-gallery-theme=\"normal\" id=\"envira-gallery-14\" class=\"envira-gallery-public envira-gallery-justified-public envira-gallery-0-columns envira-clear enviratope envira-gallery-css-animations\" data-envira-columns=\"0\"><div id=\"envira-gallery-item-15\" class=\"envira-gallery-item enviratope-item envira-gallery-item-1 envira-lazy-load\" style=\"padding-left: 5px; padding-bottom: 10px; padding-right: 5px;\"  itemscope itemtype=\"https:\/\/schema.org\/ImageObject\"><div class=\"envira-gallery-item-inner\"><div class=\"envira-gallery-position-overlay  envira-gallery-top-left\"><\/div><div class=\"envira-gallery-position-overlay  envira-gallery-top-right\"><\/div><div class=\"envira-gallery-position-overlay  envira-gallery-bottom-left\"><\/div><div class=\"envira-gallery-position-overlay  envira-gallery-bottom-right\"><\/div><a href=\"http:\/\/bluelockfan.pl\/wp-content\/uploads\/2026\/04\/bachira-1.jpg\" class=\"envira-gallery-14 envira-gallery-link\" rel=\"enviragallery14\" title=\"bachira\" data-envira-caption=\"bachira\" data-envira-retina=\"\" data-thumbnail=\"\"  itemprop=\"contentUrl\"><img decoding=\"async\" id=\"envira-gallery-image-15\" class=\"envira-gallery-image envira-gallery-image-1 envira-normal envira-lazy\" data-envira-index=\"1\" src=\"https:\/\/bluelockfan.pl\/wp-content\/uploads\/2026\/04\/bachira-1-320x240.jpg\" data-envira-src=\"https:\/\/bluelockfan.pl\/wp-content\/uploads\/2026\/04\/bachira-1-320x240.jpg\" data-envira-gallery-id=\"14\" data-envira-item-id=\"15\" data-envira-caption=\"bachira\" alt=\"\" title=\"bachira\"  itemprop=\"thumbnailUrl\" data-envira-srcset=\"https:\/\/bluelockfan.pl\/wp-content\/uploads\/2026\/04\/bachira-1-320x240.jpg 400w,https:\/\/bluelockfan.pl\/wp-content\/uploads\/2026\/04\/bachira-1-320x240.jpg 2x\" data-envira-width=\"265\" data-envira-height=\"300\" srcset=\"data:image\/gif;base64,R0lGODlhAQABAIAAAP\/\/\/\/\/\/\/yH5BAEKAAEALAAAAAABAAEAAAICTAEAOw==\" data-safe-src=\"data:image\/gif;base64,R0lGODlhAQABAIAAAP\/\/\/\/\/\/\/yH5BAEKAAEALAAAAAABAAEAAAICTAEAOw==\" \/><\/a><\/div><\/div><div id=\"envira-gallery-item-16\" class=\"envira-gallery-item enviratope-item envira-gallery-item-2 envira-lazy-load\" style=\"padding-left: 5px; padding-bottom: 10px; padding-right: 5px;\"  itemscope itemtype=\"https:\/\/schema.org\/ImageObject\"><div class=\"envira-gallery-item-inner\"><div class=\"envira-gallery-position-overlay  envira-gallery-top-left\"><\/div><div class=\"envira-gallery-position-overlay  envira-gallery-top-right\"><\/div><div class=\"envira-gallery-position-overlay  envira-gallery-bottom-left\"><\/div><div class=\"envira-gallery-position-overlay  envira-gallery-bottom-right\"><\/div><a href=\"http:\/\/bluelockfan.pl\/wp-content\/uploads\/2026\/04\/ego-1.webp\" class=\"envira-gallery-14 envira-gallery-link\" rel=\"enviragallery14\" title=\"ego\" data-envira-caption=\"ego\" data-envira-retina=\"\" data-thumbnail=\"\"  itemprop=\"contentUrl\"><img decoding=\"async\" id=\"envira-gallery-image-16\" class=\"envira-gallery-image envira-gallery-image-2 envira-normal envira-lazy\" data-envira-index=\"2\" src=\"https:\/\/bluelockfan.pl\/wp-content\/uploads\/2026\/04\/ego-1-320x240.webp\" data-envira-src=\"https:\/\/bluelockfan.pl\/wp-content\/uploads\/2026\/04\/ego-1-320x240.webp\" data-envira-gallery-id=\"14\" data-envira-item-id=\"16\" data-envira-caption=\"ego\" alt=\"\" title=\"ego\"  itemprop=\"thumbnailUrl\" data-envira-srcset=\"https:\/\/bluelockfan.pl\/wp-content\/uploads\/2026\/04\/ego-1-320x240.webp 400w,https:\/\/bluelockfan.pl\/wp-content\/uploads\/2026\/04\/ego-1-320x240.webp 2x\" data-envira-width=\"200\" data-envira-height=\"234\" srcset=\"data:image\/gif;base64,R0lGODlhAQABAIAAAP\/\/\/\/\/\/\/yH5BAEKAAEALAAAAAABAAEAAAICTAEAOw==\" data-safe-src=\"data:image\/gif;base64,R0lGODlhAQABAIAAAP\/\/\/\/\/\/\/yH5BAEKAAEALAAAAAABAAEAAAICTAEAOw==\" \/><\/a><\/div><\/div><div id=\"envira-gallery-item-17\" class=\"envira-gallery-item enviratope-item envira-gallery-item-3 envira-lazy-load\" style=\"padding-left: 5px; padding-bottom: 10px; padding-right: 5px;\"  itemscope itemtype=\"https:\/\/schema.org\/ImageObject\"><div class=\"envira-gallery-item-inner\"><div class=\"envira-gallery-position-overlay  envira-gallery-top-left\"><\/div><div class=\"envira-gallery-position-overlay  envira-gallery-top-right\"><\/div><div class=\"envira-gallery-position-overlay  envira-gallery-bottom-left\"><\/div><div class=\"envira-gallery-position-overlay  envira-gallery-bottom-right\"><\/div><a href=\"http:\/\/bluelockfan.pl\/wp-content\/uploads\/2026\/04\/isagi-1.png\" class=\"envira-gallery-14 envira-gallery-link\" rel=\"enviragallery14\" title=\"isagi\" data-envira-caption=\"isagi\" data-envira-retina=\"\" data-thumbnail=\"\"  itemprop=\"contentUrl\"><img decoding=\"async\" id=\"envira-gallery-image-17\" class=\"envira-gallery-image envira-gallery-image-3 envira-normal envira-lazy\" data-envira-index=\"3\" src=\"https:\/\/bluelockfan.pl\/wp-content\/uploads\/2026\/04\/isagi-1-963x1024-320x240.png\" data-envira-src=\"https:\/\/bluelockfan.pl\/wp-content\/uploads\/2026\/04\/isagi-1-963x1024-320x240.png\" data-envira-gallery-id=\"14\" data-envira-item-id=\"17\" data-envira-caption=\"isagi\" alt=\"\" title=\"isagi\"  itemprop=\"thumbnailUrl\" data-envira-srcset=\"https:\/\/bluelockfan.pl\/wp-content\/uploads\/2026\/04\/isagi-1-963x1024-320x240.png 400w,https:\/\/bluelockfan.pl\/wp-content\/uploads\/2026\/04\/isagi-1-963x1024-320x240.png 2x\" data-envira-width=\"282\" data-envira-height=\"300\" srcset=\"data:image\/gif;base64,R0lGODlhAQABAIAAAP\/\/\/\/\/\/\/yH5BAEKAAEALAAAAAABAAEAAAICTAEAOw==\" data-safe-src=\"data:image\/gif;base64,R0lGODlhAQABAIAAAP\/\/\/\/\/\/\/yH5BAEKAAEALAAAAAABAAEAAAICTAEAOw==\" \/><\/a><\/div><\/div><div id=\"envira-gallery-item-18\" class=\"envira-gallery-item enviratope-item envira-gallery-item-4 envira-lazy-load\" style=\"padding-left: 5px; padding-bottom: 10px; padding-right: 5px;\"  itemscope itemtype=\"https:\/\/schema.org\/ImageObject\"><div class=\"envira-gallery-item-inner\"><div class=\"envira-gallery-position-overlay  envira-gallery-top-left\"><\/div><div class=\"envira-gallery-position-overlay  envira-gallery-top-right\"><\/div><div class=\"envira-gallery-position-overlay  envira-gallery-bottom-left\"><\/div><div class=\"envira-gallery-position-overlay  envira-gallery-bottom-right\"><\/div><a href=\"http:\/\/bluelockfan.pl\/wp-content\/uploads\/2026\/04\/kunigami-1.jpg\" class=\"envira-gallery-14 envira-gallery-link\" rel=\"enviragallery14\" title=\"kunigami\" data-envira-caption=\"kunigami\" data-envira-retina=\"\" data-thumbnail=\"\"  itemprop=\"contentUrl\"><img decoding=\"async\" id=\"envira-gallery-image-18\" class=\"envira-gallery-image envira-gallery-image-4 envira-normal envira-lazy\" data-envira-index=\"4\" src=\"https:\/\/bluelockfan.pl\/wp-content\/uploads\/2026\/04\/kunigami-1-320x240.jpg\" data-envira-src=\"https:\/\/bluelockfan.pl\/wp-content\/uploads\/2026\/04\/kunigami-1-320x240.jpg\" data-envira-gallery-id=\"14\" data-envira-item-id=\"18\" data-envira-caption=\"kunigami\" alt=\"\" title=\"kunigami\"  itemprop=\"thumbnailUrl\" data-envira-srcset=\"https:\/\/bluelockfan.pl\/wp-content\/uploads\/2026\/04\/kunigami-1-320x240.jpg 400w,https:\/\/bluelockfan.pl\/wp-content\/uploads\/2026\/04\/kunigami-1-320x240.jpg 2x\" data-envira-width=\"300\" data-envira-height=\"300\" srcset=\"data:image\/gif;base64,R0lGODlhAQABAIAAAP\/\/\/\/\/\/\/yH5BAEKAAEALAAAAAABAAEAAAICTAEAOw==\" data-safe-src=\"data:image\/gif;base64,R0lGODlhAQABAIAAAP\/\/\/\/\/\/\/yH5BAEKAAEALAAAAAABAAEAAAICTAEAOw==\" \/><\/a><\/div><\/div><div id=\"envira-gallery-item-19\" class=\"envira-gallery-item enviratope-item envira-gallery-item-5 envira-lazy-load\" style=\"padding-left: 5px; padding-bottom: 10px; padding-right: 5px;\"  itemscope itemtype=\"https:\/\/schema.org\/ImageObject\"><div class=\"envira-gallery-item-inner\"><div class=\"envira-gallery-position-overlay  envira-gallery-top-left\"><\/div><div class=\"envira-gallery-position-overlay  envira-gallery-top-right\"><\/div><div class=\"envira-gallery-position-overlay  envira-gallery-bottom-left\"><\/div><div class=\"envira-gallery-position-overlay  envira-gallery-bottom-right\"><\/div><a href=\"http:\/\/bluelockfan.pl\/wp-content\/uploads\/2026\/04\/nagi-1.jpg\" class=\"envira-gallery-14 envira-gallery-link\" rel=\"enviragallery14\" title=\"nagi\" data-envira-caption=\"nagi\" data-envira-retina=\"\" data-thumbnail=\"\"  itemprop=\"contentUrl\"><img decoding=\"async\" id=\"envira-gallery-image-19\" class=\"envira-gallery-image envira-gallery-image-5 envira-normal envira-lazy\" data-envira-index=\"5\" src=\"https:\/\/bluelockfan.pl\/wp-content\/uploads\/2026\/04\/nagi-1-320x240.jpg\" data-envira-src=\"https:\/\/bluelockfan.pl\/wp-content\/uploads\/2026\/04\/nagi-1-320x240.jpg\" data-envira-gallery-id=\"14\" data-envira-item-id=\"19\" data-envira-caption=\"nagi\" alt=\"\" title=\"nagi\"  itemprop=\"thumbnailUrl\" data-envira-srcset=\"https:\/\/bluelockfan.pl\/wp-content\/uploads\/2026\/04\/nagi-1-320x240.jpg 400w,https:\/\/bluelockfan.pl\/wp-content\/uploads\/2026\/04\/nagi-1-320x240.jpg 2x\" data-envira-width=\"271\" data-envira-height=\"300\" srcset=\"data:image\/gif;base64,R0lGODlhAQABAIAAAP\/\/\/\/\/\/\/yH5BAEKAAEALAAAAAABAAEAAAICTAEAOw==\" data-safe-src=\"data:image\/gif;base64,R0lGODlhAQABAIAAAP\/\/\/\/\/\/\/yH5BAEKAAEALAAAAAABAAEAAAICTAEAOw==\" \/><\/a><\/div><\/div><div id=\"envira-gallery-item-20\" class=\"envira-gallery-item enviratope-item envira-gallery-item-6 envira-lazy-load\" style=\"padding-left: 5px; padding-bottom: 10px; padding-right: 5px;\"  itemscope itemtype=\"https:\/\/schema.org\/ImageObject\"><div class=\"envira-gallery-item-inner\"><div class=\"envira-gallery-position-overlay  envira-gallery-top-left\"><\/div><div class=\"envira-gallery-position-overlay  envira-gallery-top-right\"><\/div><div class=\"envira-gallery-position-overlay  envira-gallery-bottom-left\"><\/div><div class=\"envira-gallery-position-overlay  envira-gallery-bottom-right\"><\/div><a href=\"http:\/\/bluelockfan.pl\/wp-content\/uploads\/2026\/04\/rin-1.jpg\" class=\"envira-gallery-14 envira-gallery-link\" rel=\"enviragallery14\" title=\"rin\" data-envira-caption=\"rin\" data-envira-retina=\"\" data-thumbnail=\"\"  itemprop=\"contentUrl\"><img decoding=\"async\" id=\"envira-gallery-image-20\" class=\"envira-gallery-image envira-gallery-image-6 envira-normal envira-lazy\" data-envira-index=\"6\" src=\"https:\/\/bluelockfan.pl\/wp-content\/uploads\/2026\/04\/rin-1-320x240.jpg\" data-envira-src=\"https:\/\/bluelockfan.pl\/wp-content\/uploads\/2026\/04\/rin-1-320x240.jpg\" data-envira-gallery-id=\"14\" data-envira-item-id=\"20\" data-envira-caption=\"rin\" alt=\"\" title=\"rin\"  itemprop=\"thumbnailUrl\" data-envira-srcset=\"https:\/\/bluelockfan.pl\/wp-content\/uploads\/2026\/04\/rin-1-320x240.jpg 400w,https:\/\/bluelockfan.pl\/wp-content\/uploads\/2026\/04\/rin-1-320x240.jpg 2x\" data-envira-width=\"286\" data-envira-height=\"300\" srcset=\"data:image\/gif;base64,R0lGODlhAQABAIAAAP\/\/\/\/\/\/\/yH5BAEKAAEALAAAAAABAAEAAAICTAEAOw==\" data-safe-src=\"data:image\/gif;base64,R0lGODlhAQABAIAAAP\/\/\/\/\/\/\/yH5BAEKAAEALAAAAAABAAEAAAICTAEAOw==\" \/><\/a><\/div><\/div><\/div><\/div><noscript><\/noscript>\n\n<h2>Najwa\u017cniejsze postacie<\/h2>\n<ul>\n  <li>Yoichi Isagi<\/li>\n  <li>Meguru Bachira<\/li>\n  <li>Rin Itoshi<\/li>\n  <li>Seishiro Nagi<\/li>\n  <li>Rensuke Kunigami<\/li>\n  <li>Jinpachi Ego<\/li>\n<\/ul>\n\n\n\n<div id=\"cytat-bluelock\" class=\"cytat-box\">\n    Kliknij, aby wylosowa\u0107 cytat Blue Lock\n<\/div>\n<button onclick=\"losujCytat()\" class=\"cytat-btn\">Losuj cytat<\/button>\n<script>\nfunction losujCytat() {\n    const cytaty = [\n        \"Twoja jedyna granica to ta, kt\u00f3r\u0105 sam sobie stawiasz.\",\n        \"Je\u015bli nie ryzykujesz, nie wygrywasz.\",\n        \"Prawdziwy napastnik tworzy okazje, a nie czeka na nie.\",\n        \"Si\u0142a to nie wszystko \u2014 liczy si\u0119 instynkt.\",\n        \"Wygrywa ten, kto wierzy w sw\u00f3j strza\u0142 bardziej ni\u017c ktokolwiek.\"\n    ];\n\n    const losowy = cytaty[Math.floor(Math.random() * cytaty.length)];\n    document.getElementById(\"cytat-bluelock\").innerText = losowy;\n}\n<\/script>\n\n\n\n<p><\/p>\n","protected":false},"excerpt":{"rendered":"<p>Blue Lock VISITORS Blue Lock to intensywna seria sportowa skupiaj\u0105ca si\u0119 na rywalizacji, ambicji i d\u0105\u017ceniu do zostania najlepszym napastnikiem na \u015bwiecie. Projekt Blue Lock ma na celu stworzenie najlepszego napastnika na \u015bwiecie \u2013 egoisty, kt\u00f3ry potrafi samodzielnie zdobywa\u0107 bramki i prowadzi\u0107 dru\u017cyn\u0119 do zwyci\u0119stwa. Galeria Najwa\u017cniejsze postacie Yoichi Isagi Meguru Bachira Rin Itoshi Seishiro [&hellip;]<\/p>\n","protected":false},"author":1,"featured_media":0,"parent":0,"menu_order":0,"comment_status":"closed","ping_status":"closed","template":"","meta":{"footnotes":""},"class_list":["post-21","page","type-page","status-publish","hentry"],"_links":{"self":[{"href":"https:\/\/bluelockfan.pl\/index.php\/wp-json\/wp\/v2\/pages\/21","targetHints":{"allow":["GET"]}}],"collection":[{"href":"https:\/\/bluelockfan.pl\/index.php\/wp-json\/wp\/v2\/pages"}],"about":[{"href":"https:\/\/bluelockfan.pl\/index.php\/wp-json\/wp\/v2\/types\/page"}],"author":[{"embeddable":true,"href":"https:\/\/bluelockfan.pl\/index.php\/wp-json\/wp\/v2\/users\/1"}],"replies":[{"embeddable":true,"href":"https:\/\/bluelockfan.pl\/index.php\/wp-json\/wp\/v2\/comments?post=21"}],"version-history":[{"count":15,"href":"https:\/\/bluelockfan.pl\/index.php\/wp-json\/wp\/v2\/pages\/21\/revisions"}],"predecessor-version":[{"id":66,"href":"https:\/\/bluelockfan.pl\/index.php\/wp-json\/wp\/v2\/pages\/21\/revisions\/66"}],"wp:attachment":[{"href":"https:\/\/bluelockfan.pl\/index.php\/wp-json\/wp\/v2\/media?parent=21"}],"curies":[{"name":"wp","href":"https:\/\/api.w.org\/{rel}","templated":true}]}}