{"id":24,"date":"2026-04-14T00:43:32","date_gmt":"2026-04-13T22:43:32","guid":{"rendered":"http:\/\/bluelockfan.pl\/?page_id=24"},"modified":"2026-04-14T01:49:50","modified_gmt":"2026-04-13T23:49:50","slug":"postacie","status":"publish","type":"page","link":"https:\/\/bluelockfan.pl\/index.php\/postacie\/","title":{"rendered":"Postacie"},"content":{"rendered":"\n<section class=\"characters-section\">\n    <h1 class=\"section-title\">POSTACIE<\/h1>\n\n    <div class=\"characters-grid\">\n\n        <div class=\"character-card\">\n            <h2>YOICHI ISAGI<\/h2>\n            <p>G\u0142\u00f3wny bohater, inteligentny napastnik analizuj\u0105cy sytuacj\u0119 na boisku.<\/p>\n        <\/div>\n\n        <div class=\"character-card\">\n            <h2>MEGURU BACHIRA<\/h2>\n            <p>Techniczny pi\u0142karz kieruj\u0105cy si\u0119 instynktem i wyobra\u017ani\u0105.<\/p>\n        <\/div>\n\n        <div class=\"character-card\">\n            <h2>RIN ITOSHI<\/h2>\n            <p>Genialny napastnik o silnym charakterze i ogromnych umiej\u0119tno\u015bciach.<\/p>\n        <\/div>\n\n        <div class=\"character-card\">\n            <h2>SEISHIRO NAGI<\/h2>\n            <p>Niesamowity talent, kt\u00f3ry odkrywa swoj\u0105 pasj\u0119 do pi\u0142ki.<\/p>\n        <\/div>\n\n        <div class=\"character-card\">\n            <h2>RENSUKE KUNIGAMI<\/h2>\n            <p>Silny i honorowy zawodnik d\u0105\u017c\u0105cy do zostania idealnym futbolist\u0105.<\/p>\n        <\/div>\n\n        <div class=\"character-card\">\n            <h2>JINPACHI EGO<\/h2>\n            <p>Tw\u00f3rca projektu Blue Lock, bezwzgl\u0119dny i skoncentrowany na celu.<\/p>\n        <\/div>\n\n    <\/div>\n<\/section>\n\n","protected":false},"excerpt":{"rendered":"<p>POSTACIE YOICHI ISAGI G\u0142\u00f3wny bohater, inteligentny napastnik analizuj\u0105cy sytuacj\u0119 na boisku. MEGURU BACHIRA Techniczny pi\u0142karz kieruj\u0105cy si\u0119 instynktem i wyobra\u017ani\u0105. RIN ITOSHI Genialny napastnik o silnym charakterze i ogromnych umiej\u0119tno\u015bciach. SEISHIRO NAGI Niesamowity talent, kt\u00f3ry odkrywa swoj\u0105 pasj\u0119 do pi\u0142ki. RENSUKE KUNIGAMI Silny i honorowy zawodnik d\u0105\u017c\u0105cy do zostania idealnym futbolist\u0105. JINPACHI EGO Tw\u00f3rca projektu [&hellip;]<\/p>\n","protected":false},"author":1,"featured_media":0,"parent":0,"menu_order":0,"comment_status":"closed","ping_status":"closed","template":"","meta":{"footnotes":""},"class_list":["post-24","page","type-page","status-publish","hentry"],"_links":{"self":[{"href":"https:\/\/bluelockfan.pl\/index.php\/wp-json\/wp\/v2\/pages\/24","targetHints":{"allow":["GET"]}}],"collection":[{"href":"https:\/\/bluelockfan.pl\/index.php\/wp-json\/wp\/v2\/pages"}],"about":[{"href":"https:\/\/bluelockfan.pl\/index.php\/wp-json\/wp\/v2\/types\/page"}],"author":[{"embeddable":true,"href":"https:\/\/bluelockfan.pl\/index.php\/wp-json\/wp\/v2\/users\/1"}],"replies":[{"embeddable":true,"href":"https:\/\/bluelockfan.pl\/index.php\/wp-json\/wp\/v2\/comments?post=24"}],"version-history":[{"count":4,"href":"https:\/\/bluelockfan.pl\/index.php\/wp-json\/wp\/v2\/pages\/24\/revisions"}],"predecessor-version":[{"id":48,"href":"https:\/\/bluelockfan.pl\/index.php\/wp-json\/wp\/v2\/pages\/24\/revisions\/48"}],"wp:attachment":[{"href":"https:\/\/bluelockfan.pl\/index.php\/wp-json\/wp\/v2\/media?parent=24"}],"curies":[{"name":"wp","href":"https:\/\/api.w.org\/{rel}","templated":true}]}}