{"id":52,"date":"2026-04-14T01:55:07","date_gmt":"2026-04-13T23:55:07","guid":{"rendered":"http:\/\/bluelockfan.pl\/?page_id=52"},"modified":"2026-04-14T01:55:07","modified_gmt":"2026-04-13T23:55:07","slug":"statystyki","status":"publish","type":"page","link":"https:\/\/bluelockfan.pl\/index.php\/statystyki\/","title":{"rendered":"Statystyki"},"content":{"rendered":"\n<section class=\"stats-section\">\n    <h1 class=\"stats-title\">STATYSTYKI ZAWODNIK\u00d3W<\/h1>\n\n    <!-- ISAGI -->\n    <div class=\"player-card\">\n        <h2>YOICHI ISAGI<\/h2>\n        <div class=\"stat\"><span>Strza\u0142<\/span><div class=\"bar\"><div style=\"width: 85%\"><\/div><\/div><\/div>\n        <div class=\"stat\"><span>Technika<\/span><div class=\"bar\"><div style=\"width: 78%\"><\/div><\/div><\/div>\n        <div class=\"stat\"><span>Wizja gry<\/span><div class=\"bar\"><div style=\"width: 95%\"><\/div><\/div><\/div>\n        <div class=\"stat\"><span>Szybko\u015b\u0107<\/span><div class=\"bar\"><div style=\"width: 70%\"><\/div><\/div><\/div>\n    <\/div>\n\n    <!-- BACHIRA -->\n    <div class=\"player-card\">\n        <h2>MEGURU BACHIRA<\/h2>\n        <div class=\"stat\"><span>Drybling<\/span><div class=\"bar\"><div style=\"width: 98%\"><\/div><\/div><\/div>\n        <div class=\"stat\"><span>Kreatywno\u015b\u0107<\/span><div class=\"bar\"><div style=\"width: 92%\"><\/div><\/div><\/div>\n        <div class=\"stat\"><span>Szybko\u015b\u0107<\/span><div class=\"bar\"><div style=\"width: 80%\"><\/div><\/div><\/div>\n        <div class=\"stat\"><span>Strza\u0142<\/span><div class=\"bar\"><div style=\"width: 75%\"><\/div><\/div><\/div>\n    <\/div>\n\n    <!-- RIN -->\n    <div class=\"player-card\">\n        <h2>RIN ITOSHI<\/h2>\n        <div class=\"stat\"><span>Strza\u0142<\/span><div class=\"bar\"><div style=\"width: 97%\"><\/div><\/div><\/div>\n        <div class=\"stat\"><span>Technika<\/span><div class=\"bar\"><div style=\"width: 94%\"><\/div><\/div><\/div>\n        <div class=\"stat\"><span>Koncentracja<\/span><div class=\"bar\"><div style=\"width: 90%\"><\/div><\/div><\/div>\n        <div class=\"stat\"><span>Szybko\u015b\u0107<\/span><div class=\"bar\"><div style=\"width: 82%\"><\/div><\/div><\/div>\n    <\/div>\n\n    <!-- NAGI -->\n    <div class=\"player-card\">\n        <h2>SEISHIRO NAGI<\/h2>\n        <div class=\"stat\"><span>Technika<\/span><div class=\"bar\"><div style=\"width: 99%\"><\/div><\/div><\/div>\n        <div class=\"stat\"><span>Przyj\u0119cie pi\u0142ki<\/span><div class=\"bar\"><div style=\"width: 100%\"><\/div><\/div><\/div>\n        <div class=\"stat\"><span>Strza\u0142<\/span><div class=\"bar\"><div style=\"width: 85%\"><\/div><\/div><\/div>\n        <div class=\"stat\"><span>Szybko\u015b\u0107<\/span><div class=\"bar\"><div style=\"width: 65%\"><\/div><\/div><\/div>\n    <\/div>\n\n    <!-- KUNIGAMI -->\n    <div class=\"player-card\">\n        <h2>RENSUKE KUNIGAMI<\/h2>\n        <div class=\"stat\"><span>Si\u0142a<\/span><div class=\"bar\"><div style=\"width: 95%\"><\/div><\/div><\/div>\n        <div class=\"stat\"><span>Strza\u0142<\/span><div class=\"bar\"><div style=\"width: 90%\"><\/div><\/div><\/div>\n        <div class=\"stat\"><span>Wytrzyma\u0142o\u015b\u0107<\/span><div class=\"bar\"><div style=\"width: 88%\"><\/div><\/div><\/div>\n        <div class=\"stat\"><span>Szybko\u015b\u0107<\/span><div class=\"bar\"><div style=\"width: 70%\"><\/div><\/div><\/div>\n    <\/div>\n\n    <!-- EGO -->\n    <div class=\"player-card\">\n        <h2>JINPACHI EGO<\/h2>\n        <div class=\"stat\"><span>Analiza<\/span><div class=\"bar\"><div style=\"width: 100%\"><\/div><\/div><\/div>\n        <div class=\"stat\"><span>Strategia<\/span><div class=\"bar\"><div style=\"width: 98%\"><\/div><\/div><\/div>\n        <div class=\"stat\"><span>Psychologia<\/span><div class=\"bar\"><div style=\"width: 95%\"><\/div><\/div><\/div>\n        <div class=\"stat\"><span>Charyzma<\/span><div class=\"bar\"><div style=\"width: 60%\"><\/div><\/div><\/div>\n    <\/div>\n\n<\/section>\n\n","protected":false},"excerpt":{"rendered":"<p>STATYSTYKI ZAWODNIK\u00d3W YOICHI ISAGI Strza\u0142 Technika Wizja gry Szybko\u015b\u0107 MEGURU BACHIRA Drybling Kreatywno\u015b\u0107 Szybko\u015b\u0107 Strza\u0142 RIN ITOSHI Strza\u0142 Technika Koncentracja Szybko\u015b\u0107 SEISHIRO NAGI Technika Przyj\u0119cie pi\u0142ki Strza\u0142 Szybko\u015b\u0107 RENSUKE KUNIGAMI Si\u0142a Strza\u0142 Wytrzyma\u0142o\u015b\u0107 Szybko\u015b\u0107 JINPACHI EGO Analiza Strategia Psychologia Charyzma<\/p>\n","protected":false},"author":1,"featured_media":0,"parent":0,"menu_order":0,"comment_status":"closed","ping_status":"closed","template":"","meta":{"footnotes":""},"class_list":["post-52","page","type-page","status-publish","hentry"],"_links":{"self":[{"href":"https:\/\/bluelockfan.pl\/index.php\/wp-json\/wp\/v2\/pages\/52","targetHints":{"allow":["GET"]}}],"collection":[{"href":"https:\/\/bluelockfan.pl\/index.php\/wp-json\/wp\/v2\/pages"}],"about":[{"href":"https:\/\/bluelockfan.pl\/index.php\/wp-json\/wp\/v2\/types\/page"}],"author":[{"embeddable":true,"href":"https:\/\/bluelockfan.pl\/index.php\/wp-json\/wp\/v2\/users\/1"}],"replies":[{"embeddable":true,"href":"https:\/\/bluelockfan.pl\/index.php\/wp-json\/wp\/v2\/comments?post=52"}],"version-history":[{"count":1,"href":"https:\/\/bluelockfan.pl\/index.php\/wp-json\/wp\/v2\/pages\/52\/revisions"}],"predecessor-version":[{"id":53,"href":"https:\/\/bluelockfan.pl\/index.php\/wp-json\/wp\/v2\/pages\/52\/revisions\/53"}],"wp:attachment":[{"href":"https:\/\/bluelockfan.pl\/index.php\/wp-json\/wp\/v2\/media?parent=52"}],"curies":[{"name":"wp","href":"https:\/\/api.w.org\/{rel}","templated":true}]}}